{"id":597,"date":"2025-09-04T10:27:08","date_gmt":"2025-09-04T02:27:08","guid":{"rendered":"http:\/\/localhost\/theme19\/?page_id=7"},"modified":"2025-11-05T15:19:30","modified_gmt":"2025-11-05T07:19:30","slug":"contact-us","status":"publish","type":"page","link":"https:\/\/www.cjmsteelgroup.com\/es\/contact-us.html","title":{"rendered":"P\u00f3ngase en contacto con nosotros"},"content":{"rendered":"<section class=\"wp-block-themepark-block-themepark-slide thempark-block thenepark-slide-out undefined\" style=\"margin-bottom:20px;\" autoplays=\"0\" loops=\"\"><div class=\"swiper-container thenepark-slide\"><div class=\"swiper-wrapper\"><div class=\"swiper-slide\"><div class=\"pcimgx showthetext\" style=\"height:497px;\"><div class=\"pcimg_text\" style=\"padding-top:11%;text-align:center;\"><h3 class=\"pcimg_title mofs\" style=\"font-size:39px;\"><span data-swiper-parallax=\"-1000\">CJM Steel Group Ltd.<\/span><\/h3><font class=\"pcimg_dis mofs\" style=\"font-size:18px;\" data-swiper-parallax=\"-500\" data-swiper-parallax-scale=\"0.5\"><span data-swiper-parallax=\"-1000\">Su consulta es el primer paso hacia una colaboraci\u00f3n de confianza<\/span><\/font><\/div><a class=\"pcimg_pic swiper-lazy\" href=\"\" data-background=\"http:\/\/www.cjmsteelgroup.com\/wp-content\/uploads\/2025\/01\/contact-1.jpg\" pcimgxal2=\"\" style=\"background:url(http:\/\/www.cjmsteelgroup.com\/wp-content\/uploads\/2025\/01\/contact-1.jpg)\"><div class=\"shizhezhao\" style=\"opacity:0.5;background-color:#000000;\"><\/div><\/a><\/div><a class=\"movepic\" href=\"\"><img decoding=\"async\" class=\"movepic\" src=\"http:\/\/www.cjmsteelgroup.com\/wp-content\/uploads\/2025\/01\/contact-1.jpg\" alt=\"CJM Steel Group Ltd.\"\/><\/a><\/div><\/div><\/div><\/section>\n\n\n\n<section class=\"wp-block-themepark-block-themepark-area block_layout thempark-block undefined\" id=\"\" style=\"\" data-swiper-parallax=\"-700\"><div class=\"block_layout_in\" style=\"\">\n<div class=\"wp-block-column block_layout_in\">\n<p class=\"has-text-align-center has-black-color has-text-color\" style=\"font-size:18px\"><\/p>\n\n\n\n<h1 class=\"wp-block-heading has-text-align-center has-luminous-vivid-orange-color has-text-color has-large-font-size\">P\u00f3ngase en contacto con nosotros<\/h1>\n\n\n\n<p><\/p>\n\n\n\n<p><\/p>\n\n\n\n<div class=\"wp-block-themepark-block-themepark-comment thempark-block themepark-comment undefined\" style=\"padding-bottom:20px;padding-top:20px;\"><div class=\"themepark-comment_in\" id=\"lr_form\"><div class=\"themepark-comment_inb2\"><div class=\"themepark-comment_inb\" style=\"background-color:#ffffff;\"><div class=\"themepark-comment_img\"><img decoding=\"async\" class=\"lazyload swiper-lazy  swiper-move-lazy\" src=\"https:\/\/www.cjmsteelgroup.com\/wp-content\/themes\/smartenterprise\/images\/loading-commet.png\" data-src=\"http:\/\/www.cjmsteelgroup.com\/wp-content\/uploads\/2025\/01\/about-1.jpg\" alt=\"CJM Steel Group Ltd.\"\/><\/div><div class=\"themepark-comment_form\"><div class=\"fromtts\" style=\"margin-bottom:60px;\"><span class=\"fromtt\" style=\"font-size:29px;color:#f29900;\">CJM Steel Group Ltd.<\/span><span class=\"fromtt2\" style=\"font-size:12px;color:#f29900;\"><span>Env\u00ede sus datos y obtenga una respuesta r\u00e1pida de nuestro equipo de atenci\u00f3n al cliente.<\/span><\/span><\/div><form id=\"commentform-park\" class=\"themepark-c-f\" action=\"https:\/\/www.cjmsteelgroup.com\/wp-comments-post.php\" method=\"post\" autocomplete=\"off\" data-trp-original-action=\"https:\/\/www.cjmsteelgroup.com\/wp-comments-post.php\"><div class=\"themepark-comment_form_box tptext\" style=\"font-size:14px;\"><lable for=\"tpcommet0\" class=\"\"><span class=\"labletext\" style=\"color: #146ba2;\">Nombre<\/span><input type=\"text\" id=\"tpcommet0\" name=\"tpcommet0\" size=\"28\" style=\"\" placeholder=\"\"\/><\/lable><\/div><div class=\"themepark-comment_form_box tptext\" style=\"font-size:14px;\"><lable for=\"tpcommet1\" class=\"\"><span class=\"labletext\" style=\"color: #146ba2;\">Tel\u00e9fono<\/span><input type=\"text\" id=\"tpcommet1\" name=\"tpcommet1\" size=\"28\" style=\"\" placeholder=\"\"\/><\/lable><\/div><div class=\"themepark-comment_form_box tptext mail-c\" style=\"font-size:14px;\"><lable for=\"tpcommet2\" class=\"required\"><span class=\"labletext\" style=\"color: #146ba2;\">Correo electr\u00f3nico<\/span><input type=\"text\" class=\"f-email\" id=\"tpcommet2\" name=\"tpcommet2\" size=\"28\" required style=\"\" placeholder=\"\"\/><span class=\"required\">*<div class=\"required_tishi animated\"><i class=\"fas fa-exclamation-circle\"><\/i><span><\/span><\/div><\/span><\/lable><\/div><div class=\"themepark-comment_form_box tprideo\" style=\"font-size:14px;\"><lable for=\"tpcommet3\" class=\"rideos\"><span class=\"labletext\" style=\"color: #146ba2;\">Tipo<\/span><lable class=\"rideo\" for=\"tpcommet30\" style=\"\"><input autocomplete=\"off\" type=\"radio\" name=\"tpcommet3\" id=\"tpcommet30\" value=\"Carbon Steel\"\/><span class=\"active\"><i class=\"fas fa-caret-right\"><\/i><\/span>Acero al carbono<\/lable><lable class=\"rideo\" for=\"tpcommet31\" style=\"\"><input autocomplete=\"off\" type=\"radio\" name=\"tpcommet3\" id=\"tpcommet31\" value=\"Alloy Steel\"\/><span class=\"active\"><i class=\"fas fa-caret-right\"><\/i><\/span>Acero aleado<\/lable><lable class=\"rideo\" for=\"tpcommet32\" style=\"\"><input autocomplete=\"off\" type=\"radio\" name=\"tpcommet3\" id=\"tpcommet32\" value=\"Other\"\/><span class=\"active\"><i class=\"fas fa-caret-right\"><\/i><\/span>Otros<\/lable><\/lable><\/div><div class=\"themepark-comment_form_box tpTextarea\" style=\"font-size:14px;\"><lable for=\"tpcommet4\"><span class=\"labletext\" style=\"color: #146ba2;\">Mensaje<\/span><textarea id=\"tpcommet4\" name=\"tpcommet4\" style=\"\" placeholder=\"\"><\/textarea><\/lable><\/div><div class=\"hiddeninput\"><input name=\"comment_post_ID\" type=\"hidden\" value=\"597\"\/><input name=\"author\" type=\"hidden\" class=\"author\"\/><input name=\"email\" type=\"hidden\" class=\"email\"\/><textarea name=\"comment\" style=\"display:none\" class=\"comment\"><\/textarea><input name=\"themeparklable\" type=\"hidden\" value=\"Name|Phone|Email|Type|Message\"\/><input name=\"themeparktype\" type=\"hidden\" value=\"text|text|text2|rideo|Textarea\"\/><input name=\"redirect_to\" type=\"hidden\" value=\"https:\/\/www.cjmsteelgroup.com\"\/><input name=\"inquiryid\" type=\"hidden\"\/><input name=\"inquirytime\" type=\"hidden\"\/><input name=\"position\" type=\"hidden\"\/><\/div><div class=\"submut_box\"><span class=\"labletext\"><\/span><input type=\"submit\" class=\"submut_btn\" name=\"submit\" style=\"background:#f29900;\" value=\"ENVIAR\"\/><div class=\"tishi\" style=\"color:#f29900;\"><div class=\"loading\" style=\"\"><i class=\"fas fa-spinner\"><\/i>Por favor espere, env\u00edo en curso...<\/div><div class=\"success\" style=\"\"><i class=\"fas fa-check\"><\/i>Env\u00edo correcto. Nos pondremos en contacto con usted lo antes posible.<\/div><div class=\"erro\" style=\"\"><i class=\"fas fa-exclamation-circle\"><\/i>El env\u00edo ha fallado, por favor int\u00e9ntelo m\u00e1s tarde o ll\u00e1menos directamente.<\/div><div class=\"e-email\">Error de correo electr\u00f3nico.<\/div><div class=\"e-tel\">\u00a1Error telef\u00f3nico!<\/div><\/div><\/div><input type=\"hidden\" name=\"trp-form-language\" value=\"es\"\/><\/form><\/div><div class=\"wp_clear\"><\/div><\/div><div class=\"themepark-comment_in_b\" style=\"opacity:1;undefinedtransform:scaleX(1.092) scaleY(1.0132)\"><\/div><\/div><\/div><div class=\"wp_clear\"><\/div><\/div>\n\n\n\n<p><\/p>\n\n\n\n<section class=\"wp-block-themepark-block-themepark-icon thempark-block themepark_icon_list_out undefined\" id=\"nomo3\" style=\"background:#ffffff;\"><div class=\"themepark_icon_list_in\" style=\"\"><div class=\"themepark_icon_lists iconl3 iconls2\" style=\"\"><a class=\"themepark_icon_box bhclas\" href=\"tel:8618191906640\" style=\"\"><div class=\"themepark_icon_box_i\"><div class=\"themepark_icon_box_i_out\"><i class=\"fas fa-phone\" style=\"color:#146ba2;font-size:36px;\"><\/i><\/div><\/div><div class=\"themepark_icon_box_d\" style=\"font-size:14px;height:80px;\"><b style=\"font-size:16px;\">Tel\u00e9fono<\/b><span>+8618191906640<\/span><\/div><div class=\"themepark_icon_box_bac\" style=\"background:#ffffff;\"><\/div><\/a><a class=\"themepark_icon_box bhclas\" href=\"mailto:info@cjmstainlesssteel.com\" style=\"\"><div class=\"themepark_icon_box_i\"><div class=\"themepark_icon_box_i_out\"><i class=\"fas fa-envelope\" style=\"color:#5e8b0f;font-size:36px;\"><\/i><\/div><\/div><div class=\"themepark_icon_box_d\" style=\"font-size:14px;height:80px;\"><b style=\"font-size:16px;\">Correo electr\u00f3nico<\/b><span>info@cjmstainlesssteel.com<\/span><\/div><div class=\"themepark_icon_box_bac\" style=\"background:#ffffff;\"><\/div><\/a><a class=\"themepark_icon_box bhclas\"><div class=\"themepark_icon_box_i\"><div class=\"themepark_icon_box_i_out\"><i class=\"fas fa-map-marker\" style=\"color:#f29900;font-size:36px;\"><\/i><\/div><\/div><div class=\"themepark_icon_box_d\" style=\"font-size:14px;height:80px;\"><b style=\"font-size:16px;\">Direcci\u00f3n<\/b><span>Distrito de Wanxiang, Distrito de Weiyang, Ciudad de Xi'an, Provincia de Shaanxi<\/span><\/div><div class=\"themepark_icon_box_bac\" style=\"background:#ffffff;\"><\/div><\/a><\/div><\/div><\/section>\n<\/div>\n<\/div><div class=\"layout_badh\"><\/div><\/section>\n\n\n\n<p><\/p>","protected":false},"excerpt":{"rendered":"","protected":false},"author":1,"featured_media":0,"parent":0,"menu_order":0,"comment_status":"open","ping_status":"closed","template":"","meta":{"themepark_post_bcolor":"","themepark_post_width":"100%","themepark_post_img":"","themepark_post_img_po":"left","themepark_post_img_re":false,"themepark_post_img_cover":false,"themepark_post_img_fixed":false,"themepark_post_hide_title":true,"themepark_post_main_b":"#f5f5f5","themepark_post_main_p":100,"themepark_paddingblock":true,"footnotes":""},"class_list":["post-597","page","type-page","status-publish","hentry"],"aioseo_notices":[],"aioseo_head":"\n\t\t<!-- All in One SEO Pro 4.6.0 - aioseo.com -->\n\t\t<meta name=\"description\" content=\"Contact CJM Steel Group today for steel plates, coils, and profiles. Get fast quotes, competitive price, and global delivery by phone, WhatsApp, or email.\" \/>\n\t\t<meta name=\"robots\" content=\"max-image-preview:large\" \/>\n\t\t<link rel=\"canonical\" href=\"https:\/\/www.cjmsteelgroup.com\/es\/contact-us.html\" \/>\n\t\t<meta name=\"generator\" content=\"All in One SEO Pro (AIOSEO) 4.6.0\" \/>\n\t\t<meta property=\"og:locale\" content=\"es_ES\" \/>\n\t\t<meta property=\"og:site_name\" content=\"CJM Steel Group Ltd. -\" \/>\n\t\t<meta property=\"og:type\" content=\"article\" \/>\n\t\t<meta property=\"og:title\" content=\"Contact CJM | Quick Response, Global Steel Supply &amp; Quotes\" \/>\n\t\t<meta property=\"og:description\" content=\"Contact CJM Steel Group today for steel plates, coils, and profiles. Get fast quotes, competitive price, and global delivery by phone, WhatsApp, or email.\" \/>\n\t\t<meta property=\"og:url\" content=\"https:\/\/www.cjmsteelgroup.com\/es\/contact-us.html\" \/>\n\t\t<meta property=\"article:published_time\" content=\"2025-09-04T02:27:08+00:00\" \/>\n\t\t<meta property=\"article:modified_time\" content=\"2025-11-05T07:19:30+00:00\" \/>\n\t\t<meta name=\"twitter:card\" content=\"summary_large_image\" \/>\n\t\t<meta name=\"twitter:title\" content=\"Contact CJM | Quick Response, Global Steel Supply &amp; Quotes\" \/>\n\t\t<meta name=\"twitter:description\" content=\"Contact CJM Steel Group today for steel plates, coils, and profiles. Get fast quotes, competitive price, and global delivery by phone, WhatsApp, or email.\" \/>\n\t\t<script type=\"application\/ld+json\" class=\"aioseo-schema\">\n\t\t\t{\"@context\":\"https:\\\/\\\/schema.org\",\"@graph\":[{\"@type\":\"BreadcrumbList\",\"@id\":\"https:\\\/\\\/www.cjmsteelgroup.com\\\/es\\\/contact-us.html#breadcrumblist\",\"itemListElement\":[{\"@type\":\"ListItem\",\"@id\":\"https:\\\/\\\/www.cjmsteelgroup.com\\\/es\\\/#listItem\",\"position\":1,\"name\":\"Home\",\"item\":\"https:\\\/\\\/www.cjmsteelgroup.com\\\/es\\\/\",\"nextItem\":\"https:\\\/\\\/www.cjmsteelgroup.com\\\/es\\\/contact-us.html#listItem\"},{\"@type\":\"ListItem\",\"@id\":\"https:\\\/\\\/www.cjmsteelgroup.com\\\/es\\\/contact-us.html#listItem\",\"position\":2,\"name\":\"Contact Us\",\"previousItem\":\"https:\\\/\\\/www.cjmsteelgroup.com\\\/es\\\/#listItem\"}]},{\"@type\":\"Organization\",\"@id\":\"https:\\\/\\\/www.cjmsteelgroup.com\\\/es\\\/#organization\",\"name\":\"C.J.M.Stainless Steel Group Ltd\",\"url\":\"https:\\\/\\\/www.cjmsteelgroup.com\\\/es\\\/\"},{\"@type\":\"WebPage\",\"@id\":\"https:\\\/\\\/www.cjmsteelgroup.com\\\/es\\\/contact-us.html#webpage\",\"url\":\"https:\\\/\\\/www.cjmsteelgroup.com\\\/es\\\/contact-us.html\",\"name\":\"Contact CJM | Quick Response, Global Steel Supply & Quotes\",\"description\":\"Contact CJM Steel Group today for steel plates, coils, and profiles. Get fast quotes, competitive price, and global delivery by phone, WhatsApp, or email.\",\"inLanguage\":\"es-ES\",\"isPartOf\":{\"@id\":\"https:\\\/\\\/www.cjmsteelgroup.com\\\/es\\\/#website\"},\"breadcrumb\":{\"@id\":\"https:\\\/\\\/www.cjmsteelgroup.com\\\/es\\\/contact-us.html#breadcrumblist\"},\"datePublished\":\"2025-09-04T10:27:08+08:00\",\"dateModified\":\"2025-11-05T15:19:30+08:00\"},{\"@type\":\"WebSite\",\"@id\":\"https:\\\/\\\/www.cjmsteelgroup.com\\\/es\\\/#website\",\"url\":\"https:\\\/\\\/www.cjmsteelgroup.com\\\/es\\\/\",\"name\":\"C.J.M.Stainless Steel Group Ltd\",\"inLanguage\":\"es-ES\",\"publisher\":{\"@id\":\"https:\\\/\\\/www.cjmsteelgroup.com\\\/es\\\/#organization\"}}]}\n\t\t<\/script>\n\t\t<!-- All in One SEO Pro -->\r\n\t\t<title>Contact CJM | Quick Response, Global Steel Supply &amp; Quotes<\/title>\n\n","aioseo_head_json":{"title":"Contact CJM | Quick Response, Global Steel Supply & Quotes","description":"Contact CJM Steel Group today for steel plates, coils, and profiles. Get fast quotes, competitive price, and global delivery by phone, WhatsApp, or email.","canonical_url":"https:\/\/www.cjmsteelgroup.com\/es\/contact-us.html","robots":"max-image-preview:large","keywords":"","webmasterTools":{"miscellaneous":""},"og:locale":"es_ES","og:site_name":"CJM Steel Group Ltd. -","og:type":"article","og:title":"Contact CJM | Quick Response, Global Steel Supply &amp; Quotes","og:description":"Contact CJM Steel Group today for steel plates, coils, and profiles. Get fast quotes, competitive price, and global delivery by phone, WhatsApp, or email.","og:url":"https:\/\/www.cjmsteelgroup.com\/es\/contact-us.html","article:published_time":"2025-09-04T02:27:08+00:00","article:modified_time":"2025-11-05T07:19:30+00:00","twitter:card":"summary_large_image","twitter:title":"Contact CJM | Quick Response, Global Steel Supply &amp; Quotes","twitter:description":"Contact CJM Steel Group today for steel plates, coils, and profiles. Get fast quotes, competitive price, and global delivery by phone, WhatsApp, or email.","schema":{"@context":"https:\/\/schema.org","@graph":[{"@type":"BreadcrumbList","@id":"https:\/\/www.cjmsteelgroup.com\/es\/contact-us.html#breadcrumblist","itemListElement":[{"@type":"ListItem","@id":"https:\/\/www.cjmsteelgroup.com\/es\/#listItem","position":1,"name":"Home","item":"https:\/\/www.cjmsteelgroup.com\/es\/","nextItem":"https:\/\/www.cjmsteelgroup.com\/es\/contact-us.html#listItem"},{"@type":"ListItem","@id":"https:\/\/www.cjmsteelgroup.com\/es\/contact-us.html#listItem","position":2,"name":"Contact Us","previousItem":"https:\/\/www.cjmsteelgroup.com\/es\/#listItem"}]},{"@type":"Organization","@id":"https:\/\/www.cjmsteelgroup.com\/es\/#organization","name":"C.J.M.Stainless Steel Group Ltd","url":"https:\/\/www.cjmsteelgroup.com\/es\/"},{"@type":"WebPage","@id":"https:\/\/www.cjmsteelgroup.com\/es\/contact-us.html#webpage","url":"https:\/\/www.cjmsteelgroup.com\/es\/contact-us.html","name":"Contact CJM | Quick Response, Global Steel Supply & Quotes","description":"Contact CJM Steel Group today for steel plates, coils, and profiles. Get fast quotes, competitive price, and global delivery by phone, WhatsApp, or email.","inLanguage":"es-ES","isPartOf":{"@id":"https:\/\/www.cjmsteelgroup.com\/es\/#website"},"breadcrumb":{"@id":"https:\/\/www.cjmsteelgroup.com\/es\/contact-us.html#breadcrumblist"},"datePublished":"2025-09-04T10:27:08+08:00","dateModified":"2025-11-05T15:19:30+08:00"},{"@type":"WebSite","@id":"https:\/\/www.cjmsteelgroup.com\/es\/#website","url":"https:\/\/www.cjmsteelgroup.com\/es\/","name":"C.J.M.Stainless Steel Group Ltd","inLanguage":"es-ES","publisher":{"@id":"https:\/\/www.cjmsteelgroup.com\/es\/#organization"}}]}},"aioseo_meta_data":{"post_id":"597","title":"Contact CJM | Quick Response, Global Steel Supply &amp; Quotes","description":"Contact CJM Steel Group today for steel plates, coils, and profiles. Get fast quotes, competitive price, and global delivery by phone, WhatsApp, or email.","keywords":"[]","keyphrases":"{\"focus\":{\"keyphrase\":\"\",\"score\":0,\"analysis\":{\"keyphraseInTitle\":{\"score\":0,\"maxScore\":9,\"error\":1}}},\"additional\":[]}","primary_term":null,"canonical_url":null,"og_title":null,"og_description":null,"og_object_type":"default","og_image_type":"default","og_image_url":null,"og_image_width":null,"og_image_height":null,"og_image_custom_url":null,"og_image_custom_fields":null,"og_video":"","og_custom_url":null,"og_article_section":null,"og_article_tags":"[]","twitter_use_og":false,"twitter_card":"default","twitter_image_type":"default","twitter_image_url":null,"twitter_image_custom_url":null,"twitter_image_custom_fields":null,"twitter_title":null,"twitter_description":null,"schema":{"blockGraphs":[],"customGraphs":[],"default":{"data":{"Article":[],"Course":[],"Dataset":[],"FAQPage":[],"Movie":[],"Person":[],"Product":[],"Recipe":[],"Service":[],"SoftwareApplication":[],"WebPage":[]},"graphName":"WebPage","isEnabled":true},"graphs":[]},"schema_type":"default","schema_type_options":null,"pillar_content":false,"robots_default":true,"robots_noindex":false,"robots_noarchive":false,"robots_nosnippet":false,"robots_nofollow":false,"robots_noimageindex":false,"robots_noodp":false,"robots_notranslate":false,"robots_max_snippet":"-1","robots_max_videopreview":"-1","robots_max_imagepreview":"large","priority":null,"frequency":"default","local_seo":null,"limit_modified_date":false,"created":"2025-01-14 11:34:57","updated":"2025-11-05 07:23:19"},"aioseo_breadcrumb":"<div class=\"aioseo-breadcrumbs\"><span class=\"aioseo-breadcrumb\">\n\t<a href=\"https:\/\/www.cjmsteelgroup.com\/es\" title=\"Home\">Home<\/a>\n<\/span><span class=\"aioseo-breadcrumb-separator\">&raquo;<\/span><span class=\"aioseo-breadcrumb\">\n\tContact Us\n<\/span><\/div>","aioseo_breadcrumb_json":[{"label":"Home","link":"https:\/\/www.cjmsteelgroup.com\/es"},{"label":"Contact Us","link":"https:\/\/www.cjmsteelgroup.com\/es\/contact-us.html"}],"_links":{"self":[{"href":"https:\/\/www.cjmsteelgroup.com\/es\/wp-json\/wp\/v2\/pages\/597","targetHints":{"allow":["GET"]}}],"collection":[{"href":"https:\/\/www.cjmsteelgroup.com\/es\/wp-json\/wp\/v2\/pages"}],"about":[{"href":"https:\/\/www.cjmsteelgroup.com\/es\/wp-json\/wp\/v2\/types\/page"}],"author":[{"embeddable":true,"href":"https:\/\/www.cjmsteelgroup.com\/es\/wp-json\/wp\/v2\/users\/1"}],"replies":[{"embeddable":true,"href":"https:\/\/www.cjmsteelgroup.com\/es\/wp-json\/wp\/v2\/comments?post=597"}],"version-history":[{"count":21,"href":"https:\/\/www.cjmsteelgroup.com\/es\/wp-json\/wp\/v2\/pages\/597\/revisions"}],"predecessor-version":[{"id":7547,"href":"https:\/\/www.cjmsteelgroup.com\/es\/wp-json\/wp\/v2\/pages\/597\/revisions\/7547"}],"wp:attachment":[{"href":"https:\/\/www.cjmsteelgroup.com\/es\/wp-json\/wp\/v2\/media?parent=597"}],"curies":[{"name":"wp","href":"https:\/\/api.w.org\/{rel}","templated":true}]}}